{"id":35,"date":"2011-04-01T16:16:40","date_gmt":"2011-04-01T16:16:40","guid":{"rendered":"http:\/\/www.artandlandscape.it\/?page_id=35"},"modified":"2021-04-12T12:57:43","modified_gmt":"2021-04-12T10:57:43","slug":"contatti","status":"publish","type":"page","link":"https:\/\/artandlandscape.it\/it\/contatti\/","title":{"rendered":"Contatti"},"content":{"rendered":"\n<div class=\"wpcf7 no-js\" id=\"wpcf7-f863-o1\" lang=\"en-US\" dir=\"ltr\" data-wpcf7-id=\"863\">\n<div class=\"screen-reader-response\"><p role=\"status\" aria-live=\"polite\" aria-atomic=\"true\"><\/p> <ul><\/ul><\/div>\n<form action=\"\/it\/wp-json\/wp\/v2\/pages\/35#wpcf7-f863-o1\" method=\"post\" class=\"wpcf7-form init\" aria-label=\"Contact form\" novalidate=\"novalidate\" data-status=\"init\">\n<fieldset class=\"hidden-fields-container\"><input type=\"hidden\" name=\"_wpcf7\" value=\"863\" \/><input type=\"hidden\" name=\"_wpcf7_version\" value=\"6.1.5\" \/><input type=\"hidden\" name=\"_wpcf7_locale\" value=\"en_US\" \/><input type=\"hidden\" name=\"_wpcf7_unit_tag\" value=\"wpcf7-f863-o1\" \/><input type=\"hidden\" name=\"_wpcf7_container_post\" value=\"0\" \/><input type=\"hidden\" name=\"_wpcf7_posted_data_hash\" value=\"\" \/><input type=\"hidden\" name=\"_wpcf7_recaptcha_response\" value=\"\" \/>\n<\/fieldset>\n<p>Nome\n\t<font style=\"color:red;\">*\n\t<\/font>\n<\/p>\n<p><span class=\"wpcf7-form-control-wrap\" data-name=\"your-name\"><input size=\"40\" maxlength=\"400\" class=\"wpcf7-form-control wpcf7-text wpcf7-validates-as-required\" aria-required=\"true\" aria-invalid=\"false\" value=\"\" type=\"text\" name=\"your-name\" \/><\/span>\n<\/p>\n<p>Cognome\n\t<font style=\"color:red;\">*\n\t<\/font>\n<\/p>\n<p><span class=\"wpcf7-form-control-wrap\" data-name=\"your-surname\"><input size=\"40\" maxlength=\"400\" class=\"wpcf7-form-control wpcf7-text wpcf7-validates-as-required\" aria-required=\"true\" aria-invalid=\"false\" value=\"\" type=\"text\" name=\"your-surname\" \/><\/span>\n<\/p>\n<p>Indirizzo\n<\/p>\n<p><span class=\"wpcf7-form-control-wrap\" data-name=\"your-address\"><input size=\"40\" maxlength=\"400\" class=\"wpcf7-form-control wpcf7-text\" aria-invalid=\"false\" value=\"\" type=\"text\" name=\"your-address\" \/><\/span>\n<\/p>\n<p>Citt\u00e0 (Provincia)\n<\/p>\n<p><span class=\"wpcf7-form-control-wrap\" data-name=\"your-city\"><input size=\"40\" maxlength=\"400\" class=\"wpcf7-form-control wpcf7-text\" aria-invalid=\"false\" value=\"\" type=\"text\" name=\"your-city\" \/><\/span>\n<\/p>\n<p>Telefono\n<\/p>\n<p><span class=\"wpcf7-form-control-wrap\" data-name=\"your-telephon\"><input size=\"40\" maxlength=\"400\" class=\"wpcf7-form-control wpcf7-text\" aria-invalid=\"false\" value=\"\" type=\"text\" name=\"your-telephon\" \/><\/span>\n<\/p>\n<p>Email\n\t<font style=\"color:red;\">*\n\t<\/font>\n<\/p>\n<p><span class=\"wpcf7-form-control-wrap\" data-name=\"your-email\"><input size=\"40\" maxlength=\"400\" class=\"wpcf7-form-control wpcf7-email wpcf7-validates-as-required wpcf7-text wpcf7-validates-as-email\" aria-required=\"true\" aria-invalid=\"false\" value=\"\" type=\"email\" name=\"your-email\" \/><\/span>\n<\/p>\n<p><span class=\"wpcf7-form-control-wrap\" data-name=\"your-toscana\"><span class=\"wpcf7-form-control wpcf7-checkbox\"><span class=\"wpcf7-list-item first last\"><input type=\"checkbox\" name=\"your-toscana[]\" value=\"\" \/><span class=\"wpcf7-list-item-label\"><\/span><\/span><\/span><\/span> La mia destinazione \u00e8 la Toscana Sono interessato a visitarla.\n<\/p>\n<p><span class=\"wpcf7-form-control-wrap\" data-name=\"your-interesse\"><span class=\"wpcf7-form-control wpcf7-checkbox\"><span class=\"wpcf7-list-item first last\"><input type=\"checkbox\" name=\"your-interesse[]\" value=\"\" \/><span class=\"wpcf7-list-item-label\"><\/span><\/span><\/span><\/span> Sono interessato a un tour d'arte, si prega di contattarmi.\n<\/p>\n<p><span class=\"wpcf7-form-control-wrap\" data-name=\"your-manuskript\"><span class=\"wpcf7-form-control wpcf7-checkbox\"><span class=\"wpcf7-list-item first last\"><input type=\"checkbox\" name=\"your-manuskript[]\" value=\"\" \/><span class=\"wpcf7-list-item-label\"><\/span><\/span><\/span><\/span> Messaggio:<\/ br><br \/>\n<span class=\"wpcf7-form-control-wrap\" data-name=\"your-message\"><textarea cols=\"80\" rows=\"5\" maxlength=\"2000\" class=\"wpcf7-form-control wpcf7-textarea\" aria-invalid=\"false\" name=\"your-message\"><\/textarea><\/span>\n<\/p>\n<p><input class=\"wpcf7-form-control wpcf7-submit has-spinner\" type=\"submit\" value=\"Invia\" \/>\n<\/p><div class=\"wpcf7-response-output\" aria-hidden=\"true\"><\/div>\n<\/form>\n<\/div>\n\n<p>Monika Eva Sandberger<\/p>\n<p><a href=\"https:\/\/artandlandscape.it\/toskana-kunst-landschaft\/20210212_102014\/\" rel=\"attachment wp-att-17715\"><img loading=\"lazy\" decoding=\"async\" class=\"alignnone size-medium wp-image-17715\" src=\"https:\/\/artandlandscape.it\/wp-content\/uploads\/2021\/02\/20210212_102014-300x225.jpg\" alt=\"\" width=\"300\" height=\"225\" srcset=\"https:\/\/artandlandscape.it\/wp-content\/uploads\/2021\/02\/20210212_102014-300x225.jpg 300w, https:\/\/artandlandscape.it\/wp-content\/uploads\/2021\/02\/20210212_102014-1024x768.jpg 1024w, https:\/\/artandlandscape.it\/wp-content\/uploads\/2021\/02\/20210212_102014-768x576.jpg 768w, https:\/\/artandlandscape.it\/wp-content\/uploads\/2021\/02\/20210212_102014-1536x1152.jpg 1536w, https:\/\/artandlandscape.it\/wp-content\/uploads\/2021\/02\/20210212_102014-2048x1536.jpg 2048w\" sizes=\"auto, (max-width: 300px) 100vw, 300px\" \/><\/a> <a href=\"https:\/\/artandlandscape.it\/florenzfuhrung\/20210108_114502-2\/\" rel=\"attachment wp-att-17823\"><img loading=\"lazy\" decoding=\"async\" class=\"alignnone size-medium wp-image-17823\" src=\"https:\/\/artandlandscape.it\/wp-content\/uploads\/2021\/02\/20210108_114502-2-196x300.jpg\" alt=\"\" width=\"196\" height=\"300\" srcset=\"https:\/\/artandlandscape.it\/wp-content\/uploads\/2021\/02\/20210108_114502-2-196x300.jpg 196w, https:\/\/artandlandscape.it\/wp-content\/uploads\/2021\/02\/20210108_114502-2-668x1024.jpg 668w, https:\/\/artandlandscape.it\/wp-content\/uploads\/2021\/02\/20210108_114502-2-768x1177.jpg 768w, https:\/\/artandlandscape.it\/wp-content\/uploads\/2021\/02\/20210108_114502-2-1002x1536.jpg 1002w, https:\/\/artandlandscape.it\/wp-content\/uploads\/2021\/02\/20210108_114502-2-1336x2048.jpg 1336w, https:\/\/artandlandscape.it\/wp-content\/uploads\/2021\/02\/20210108_114502-2-scaled.jpg 1670w\" sizes=\"auto, (max-width: 196px) 100vw, 196px\" \/><\/a><\/p>\n<p>Kunstf\u00fchrung &#8211; Art &amp; Landscape<br \/>\nBl\u00fccherstra\u00dfe 28<br \/>\nDE &#8211; 71636 Ludwigsburg<\/p>\n<p>cell. 347-7350537<\/p>\n<p>Volksbank Stuttgart:<br \/>\nKonto: 11 235 004,<br \/>\nBLZ: 600 901 00,<br \/>\nIBAN:DE06600901000011235004<\/p>\n<p><span lang=\"it-IT\">BIC Code: VOBADESS<\/span><\/p>\n<p>Banca Posta:<br \/>\nConto: 65486961<br \/>\nIBAN: IT70 M076 0102 8000 0006 5486 961,<br \/>\nBIC Code: BPPIITRR<\/p>\n<p>PayPal Deutschland: Sandberger@kunstfuehrung.de<\/p>\n<p>Umsatzsteuer ID Nr: DE298934560 (Codice fiscale tedesco)<\/p>\n","protected":false},"excerpt":{"rendered":"<p>Monika Eva Sandberger Kunstf\u00fchrung &#8211; Art &amp; Landscape Bl\u00fccherstra\u00dfe 28 DE &#8211; 71636 Ludwigsburg cell. 347-7350537 Volksbank Stuttgart: Konto: 11 235 004, BLZ: 600 901 00, IBAN:DE06600901000011235004 BIC Code: VOBADESS Banca Posta: Conto: 65486961 IBAN: IT70 M076 0102 8000 0006 5486 961, BIC Code: BPPIITRR PayPal Deutschland: Sandberger@kunstfuehrung.de Umsatzsteuer ID Nr: DE298934560 (Codice fiscale tedesco)<\/p>\n","protected":false},"author":1,"featured_media":0,"parent":0,"menu_order":5,"comment_status":"closed","ping_status":"closed","template":"","meta":{"inline_featured_image":false,"footnotes":""},"class_list":["post-35","page","type-page","status-publish","hentry"],"_links":{"self":[{"href":"https:\/\/artandlandscape.it\/it\/wp-json\/wp\/v2\/pages\/35","targetHints":{"allow":["GET"]}}],"collection":[{"href":"https:\/\/artandlandscape.it\/it\/wp-json\/wp\/v2\/pages"}],"about":[{"href":"https:\/\/artandlandscape.it\/it\/wp-json\/wp\/v2\/types\/page"}],"author":[{"embeddable":true,"href":"https:\/\/artandlandscape.it\/it\/wp-json\/wp\/v2\/users\/1"}],"replies":[{"embeddable":true,"href":"https:\/\/artandlandscape.it\/it\/wp-json\/wp\/v2\/comments?post=35"}],"version-history":[{"count":9,"href":"https:\/\/artandlandscape.it\/it\/wp-json\/wp\/v2\/pages\/35\/revisions"}],"predecessor-version":[{"id":18553,"href":"https:\/\/artandlandscape.it\/it\/wp-json\/wp\/v2\/pages\/35\/revisions\/18553"}],"wp:attachment":[{"href":"https:\/\/artandlandscape.it\/it\/wp-json\/wp\/v2\/media?parent=35"}],"curies":[{"name":"wp","href":"https:\/\/api.w.org\/{rel}","templated":true}]}}