{"id":12,"date":"2011-04-01T15:38:26","date_gmt":"2011-04-01T15:38:26","guid":{"rendered":"http:\/\/www.artandlandscape.it\/?page_id=12"},"modified":"2021-04-12T17:19:26","modified_gmt":"2021-04-12T15:19:26","slug":"curriculum-vitae-it","status":"publish","type":"page","link":"https:\/\/artandlandscape.it\/it\/1468-2\/curriculum-vitae-it\/","title":{"rendered":"Curriculum Vitae"},"content":{"rendered":"<p><a href=\"http:\/\/www.artandlandscape.it\/wp-content\/uploads\/2011\/04\/mone.jpg\"><img loading=\"lazy\" decoding=\"async\" class=\"size-medium wp-image-16 aligncenter\" title=\"mone\" src=\"http:\/\/www.artandlandscape.it\/wp-content\/uploads\/2011\/04\/mone-219x300.jpg\" alt=\"\" width=\"219\" height=\"300\" srcset=\"https:\/\/artandlandscape.it\/wp-content\/uploads\/2011\/04\/mone-219x300.jpg 219w, https:\/\/artandlandscape.it\/wp-content\/uploads\/2011\/04\/mone.jpg 244w\" sizes=\"auto, (max-width: 219px) 100vw, 219px\" \/><\/a><\/p>\n<table id=\"portaittab\" border=\"0\" width=\"100%\">\n<tbody>\n<tr>\n<td colspan=\"2\" valign=\"top\" width=\"365\" height=\"30\">\n<h3 style=\"text-align: center;\">Monika Eva Sandberger<\/h3>\n<p style=\"text-align: center;\">* storica dell&#8217;arte &#8211; guida &#8211; imprenditrice d&#8217;agenzia di viaggio *<\/p>\n<\/td>\n<\/tr>\n<tr>\n<td colspan=\"2\" valign=\"top\">Sandberger Monika Eva \u00e8 nata il 25. agosto del 1973 a Stoccarda. Il suo interesse per l&#8217;arte, le lingue, la storia e la cultura Europea \u00e8 uno dei suoi primi forti e i suoi genitori le portano in viaggio per tutto l&#8217;Europa.Dopo la maturit\u00e0, che da con le prime materie storia dell&#8217;arte e francese, si iscrive nel 1993 alla Ruprecht-Karls Universit\u00e0 a Heidelberg\u00a0e dopo presso la Ludwig-Maximilian Universit\u00e0 di Monaco di Baviera.Per i suoi studi di storia dell&#8217;arte Europea e di storia medievale e moderna, supera il Latinum grande e l&#8217;aggiunge al suo multi-lingualismus (italiano, francese, inglese).<\/td>\n<\/tr>\n<tr>\n<td colspan=\"2\" valign=\"top\">Partecipando al programma di scambi universitari ERASMUS passa due semestri presso l&#8217;Universit\u00e0 degli Studi di Pisa, in Italia. Questo d\u00e0 carattere al tema della sua tesi di laurea: &#8220;Sebastiano Ricci: Venere sorpresa da un satiro, Galleria di Stato di Stoccarda.&#8221;Nel luglio del 2001 si laurea alla Ruprecht-Karls Universit\u00e0, aquistando il titolo accademico di Magistra Artium (MA).<\/td>\n<\/tr>\n<tr>\n<td colspan=\"2\" valign=\"top\">Durante gli anni dell&#8217;universit\u00e0 si impegna come stagista in Germania ed in Italia. Prima al asta pubblica da<span style=\"color: #444444;\"> Sotheby&#8217;s a Monaco di Baviera, poi all&#8217;istituto di storia dell&#8217;arte (Max Plank) di Firenze, poi alla Galleria di Stato di Stoccarda e alla St\u00e4dtische Kunsthalle di Mannheim.<\/span><\/td>\n<\/tr>\n<tr>\n<td colspan=\"2\" valign=\"top\">A Stoccarda progetta un gioco tipo\u00a0memory, chiamato &#8220;gioco d&#8217;immagine&#8221; ed dal 1999\u00a0viene incaricata come libero professionista per guide pubbliche nella collezione permanente e in grande essibizioni.<\/td>\n<\/tr>\n<tr>\n<td colspan=\"2\" valign=\"top\">A Mannheim Monika Sandberger scrive come co-autrice il catalogo per la mostra &#8220;Gold M(m)acht Lust, Richard Wagner&#8221; e poi fa guide come libero professionista da giugno 2000.<\/td>\n<\/tr>\n<tr>\n<td colspan=\"2\" valign=\"top\">Inoltre, la storica dell&#8217;arte comincia come guida turistica per escursioni e viaggi di studio per il grande tour operator internazionale Studiosus con sede a Monaco e segue viaggi in Toscana, Umbria e Liguria, cerca <em>locations<\/em> per pranzi ed assaggi di vino ed introduce nuove guide. Come professoressa associata delle scuole popolari di Stoccarda, Heidelberg e Mannheim conduce escursioni, lezioni a proiezioni di diapositive e guide al museo di storia dell&#8217;art.<\/td>\n<\/tr>\n<tr>\n<td colspan=\"2\" height=\"47\">Nel aprile 2003 Monika Sandberger lavora come segretaria multi-linguale presso l&#8217;istituto di lingua italiana per stranieri &#8220;Il David&#8221; di Firenze.<\/td>\n<\/tr>\n<tr>\n<td colspan=\"2\" height=\"47\">Un altro incarico da libera professionista le portra alla galleria d&#8217;arte barocca nel castello di Ludwigsburg da febbraio 2004, dove lei svolge con successo visite guidate in italiano e tedesco.<br \/>\nSempre come libero professionista conduce seminari a Stoccarda per la Societ\u00e0 Dante Alighieri in lingua italiana, su storia dell&#8217;arte italiana con escursioni al museo.<\/td>\n<\/tr>\n<tr>\n<td colspan=\"2\" height=\"47\">Un campo nuovo\u00a0per Monika Sandberger \u00e8 nel 2003 il lavoro come l&#8217;autrice di un progetto al Internet sulla storia dell&#8217;arte e la lingua italiana.<\/td>\n<\/tr>\n<tr>\n<td colspan=\"2\" height=\"47\">In seguito lavora come traduttrice, traducendo articoli d&#8217;enciclopedia su storia dell&#8217;arte e libri d&#8217;arte italiana dal Italiano in lingua tedesca. Questa attivit\u00e0 delicata e impegnativa ha gi\u00e0 praticato per le case editrici Saur Verlag a Lipsia e Herder Verlag a Friburgo, lavora per un istituto di traduzioni a Prato, Italia e traduce\u00a0pagine d&#8217;internet dal italiano al tedesco e viceversa.<\/td>\n<\/tr>\n<tr>\n<td colspan=\"2\" height=\"47\">Con la sua esclusiva agenzia di viaggio &#8220;Kunstf\u00fchrung&#8221; (guida d&#8217;arte) organizza dal 2009 viaggi artistico-storici in Toscana per gruppi, privati e famiglie cercando di soddisfare i suoi ospiti con viaggi individuali, attraverso una ricca esperienza e organizzazione precisa, grazie al suo fascino personale, ai suggerimenti personali dal ristorante alla sistemazione ed alla guida delle citt\u00e0. Contribuisce sempre l&#8217;esperienza come guida e dell&#8217;arte di vivere italiana.<br \/>\n<a href=\"https:\/\/artandlandscape.it\/toskana-kunst-landschaft\/20210212_102014\/\" rel=\"attachment wp-att-17715\"><img loading=\"lazy\" decoding=\"async\" class=\"size-medium wp-image-17715 aligncenter\" src=\"https:\/\/artandlandscape.it\/wp-content\/uploads\/2021\/02\/20210212_102014-300x225.jpg\" alt=\"\" width=\"300\" height=\"225\" srcset=\"https:\/\/artandlandscape.it\/wp-content\/uploads\/2021\/02\/20210212_102014-300x225.jpg 300w, https:\/\/artandlandscape.it\/wp-content\/uploads\/2021\/02\/20210212_102014-1024x768.jpg 1024w, https:\/\/artandlandscape.it\/wp-content\/uploads\/2021\/02\/20210212_102014-768x576.jpg 768w, https:\/\/artandlandscape.it\/wp-content\/uploads\/2021\/02\/20210212_102014-1536x1152.jpg 1536w, https:\/\/artandlandscape.it\/wp-content\/uploads\/2021\/02\/20210212_102014-2048x1536.jpg 2048w\" sizes=\"auto, (max-width: 300px) 100vw, 300px\" \/><\/a><\/td>\n<\/tr>\n<tr>\n<td style=\"text-align: center;\" colspan=\"2\" height=\"47\"><em>* \u00a0Monika Eva Sandberger \u00a0*<\/em><\/td>\n<\/tr>\n<\/tbody>\n<\/table>\n","protected":false},"excerpt":{"rendered":"<p>Monika Eva Sandberger * storica dell&#8217;arte &#8211; guida &#8211; imprenditrice d&#8217;agenzia di viaggio * Sandberger Monika Eva \u00e8 nata il 25. agosto del 1973 a Stoccarda. Il suo interesse per l&#8217;arte, le lingue, la storia e la cultura Europea \u00e8 uno dei suoi primi forti e i suoi genitori le portano in viaggio per tutto<br \/><a class=\"moretag\" href=\"https:\/\/artandlandscape.it\/it\/1468-2\/curriculum-vitae-it\/\">+ Read More<\/a><\/p>\n","protected":false},"author":1,"featured_media":0,"parent":1468,"menu_order":1,"comment_status":"closed","ping_status":"closed","template":"","meta":{"inline_featured_image":false,"footnotes":""},"class_list":["post-12","page","type-page","status-publish","hentry"],"_links":{"self":[{"href":"https:\/\/artandlandscape.it\/it\/wp-json\/wp\/v2\/pages\/12","targetHints":{"allow":["GET"]}}],"collection":[{"href":"https:\/\/artandlandscape.it\/it\/wp-json\/wp\/v2\/pages"}],"about":[{"href":"https:\/\/artandlandscape.it\/it\/wp-json\/wp\/v2\/types\/page"}],"author":[{"embeddable":true,"href":"https:\/\/artandlandscape.it\/it\/wp-json\/wp\/v2\/users\/1"}],"replies":[{"embeddable":true,"href":"https:\/\/artandlandscape.it\/it\/wp-json\/wp\/v2\/comments?post=12"}],"version-history":[{"count":12,"href":"https:\/\/artandlandscape.it\/it\/wp-json\/wp\/v2\/pages\/12\/revisions"}],"predecessor-version":[{"id":18586,"href":"https:\/\/artandlandscape.it\/it\/wp-json\/wp\/v2\/pages\/12\/revisions\/18586"}],"up":[{"embeddable":true,"href":"https:\/\/artandlandscape.it\/it\/wp-json\/wp\/v2\/pages\/1468"}],"wp:attachment":[{"href":"https:\/\/artandlandscape.it\/it\/wp-json\/wp\/v2\/media?parent=12"}],"curies":[{"name":"wp","href":"https:\/\/api.w.org\/{rel}","templated":true}]}}